{"id":4790,"date":"2025-09-17T11:36:55","date_gmt":"2025-09-17T09:36:55","guid":{"rendered":"https:\/\/cncmarkt.at\/?page_id=4790"},"modified":"2025-09-17T12:03:33","modified_gmt":"2025-09-17T10:03:33","slug":"newsletter","status":"publish","type":"page","link":"https:\/\/cncmarkt.at\/en\/newsletter\/","title":{"rendered":"Newsletter"},"content":{"rendered":"<p><\/p>\n\n\n\n<h3 class=\"wp-block-heading\">Here you can manage your newsletter subscription<\/h3>\n\n\n\n<p>Here you can easily adjust your newsletter settings:<\/p>\n\n\n\n<ul class=\"wp-block-list\">\n<li>Change email address: Update your information so you continue to receive all the information.<\/li>\n\n\n\n<li>Unsubscribe from the newsletter: If you do not wish to receive any further messages, you can unsubscribe here at any time with just one click.<\/li>\n<\/ul>\n\n\n\n<p>Your changes will be applied immediately. We will, of course, treat your data confidentially and will not share it with third parties.<\/p>\n\n\nSubscription management form is only available to mailing lists subscribers.\n\n\n\n<p><\/p>","protected":false},"excerpt":{"rendered":"<p>Hier k\u00f6nnen Sie Ihr Newsletter-Abo verwalten Hier k\u00f6nnen Sie Ihre Einstellungen zum Newsletter ganz einfach anpassen: Ihre \u00c4nderungen werden sofort \u00fcbernommen. Selbstverst\u00e4ndlich behandeln wir Ihre Daten vertraulich und geben sie nicht an Dritte weiter.<\/p>","protected":false},"author":1,"featured_media":0,"parent":0,"menu_order":0,"comment_status":"closed","ping_status":"closed","template":"","meta":{"_rtcl_gb_attr":"","footnotes":""},"class_list":["post-4790","page","type-page","status-publish","hentry"],"aioseo_notices":[],"_links":{"self":[{"href":"https:\/\/cncmarkt.at\/en\/wp-json\/wp\/v2\/pages\/4790","targetHints":{"allow":["GET"]}}],"collection":[{"href":"https:\/\/cncmarkt.at\/en\/wp-json\/wp\/v2\/pages"}],"about":[{"href":"https:\/\/cncmarkt.at\/en\/wp-json\/wp\/v2\/types\/page"}],"author":[{"embeddable":true,"href":"https:\/\/cncmarkt.at\/en\/wp-json\/wp\/v2\/users\/1"}],"replies":[{"embeddable":true,"href":"https:\/\/cncmarkt.at\/en\/wp-json\/wp\/v2\/comments?post=4790"}],"version-history":[{"count":5,"href":"https:\/\/cncmarkt.at\/en\/wp-json\/wp\/v2\/pages\/4790\/revisions"}],"predecessor-version":[{"id":4799,"href":"https:\/\/cncmarkt.at\/en\/wp-json\/wp\/v2\/pages\/4790\/revisions\/4799"}],"wp:attachment":[{"href":"https:\/\/cncmarkt.at\/en\/wp-json\/wp\/v2\/media?parent=4790"}],"curies":[{"name":"wp","href":"https:\/\/api.w.org\/{rel}","templated":true}]}}