{"id":4172,"date":"2025-08-26T09:37:14","date_gmt":"2025-08-26T07:37:14","guid":{"rendered":"https:\/\/cncmarkt.at\/?page_id=4172"},"modified":"2025-08-26T09:44:41","modified_gmt":"2025-08-26T07:44:41","slug":"einverstaendniserklaerung","status":"publish","type":"page","link":"https:\/\/cncmarkt.at\/en\/einverstaendniserklaerung\/","title":{"rendered":"Declaration of consent"},"content":{"rendered":"<div data-elementor-type=\"wp-page\" data-elementor-id=\"4172\" class=\"elementor elementor-4172\">\n\t\t\t\t\t\t<section class=\"elementor-section elementor-top-section elementor-element elementor-element-ef1a167 elementor-section-boxed elementor-section-height-default elementor-section-height-default rt-parallax-bg-no\" data-id=\"ef1a167\" data-element_type=\"section\" data-e-type=\"section\">\n\t\t\t\t\t\t<div class=\"elementor-container elementor-column-gap-default\">\n\t\t\t\t\t<div class=\"elementor-column elementor-col-100 elementor-top-column elementor-element elementor-element-58e0a2a\" data-id=\"58e0a2a\" data-element_type=\"column\" data-e-type=\"column\">\n\t\t\t<div class=\"elementor-widget-wrap elementor-element-populated\">\n\t\t\t\t\t\t<div class=\"elementor-element elementor-element-686840d elementor-widget elementor-widget-text-editor\" data-id=\"686840d\" data-element_type=\"widget\" data-e-type=\"widget\" data-widget_type=\"text-editor.default\">\n\t\t\t\t<div class=\"elementor-widget-container\">\n\t\t\t\t\t\t\t\t\t<h4>Declaration of consent for data processing in accordance with the GDPR<\/h4><p>The data you provide is necessary for the performance of the contract or for carrying out pre-contractual measures. Without this data, we cannot conclude the contract with you.<br \/>We process data about you based on our legitimate interests.<br \/>We store your data until you revoke your consent so that we can keep you informed about new products and services. Your data will not be shared with third parties (except for suppliers of TMZ GmbH in the case of an order).<\/p><h4>You can reach us using the following contact details:<\/h4><p>TMZ GmbH<br \/>D\u00f6llach 51<br \/>8624 Aflenz<br \/>Company registration number: FN 412974s<br \/>UID: ATU 68551523<br \/>Managing Director: Rudolf Fluch<br \/>Telephone: +43 676 7907012<br \/>E-mail: office@tmz.co.at<\/p><p>Since we process the data based on our legitimate interests, you generally have the right to object if you have grounds relating to your particular situation that justify your objection to this processing.<\/p><p>Since we also process the data for direct sales (newsletter), you can object to this processing for direct marketing purposes at any time.<\/p><p>You have the fundamental rights to information, rectification, erasure, restriction of processing, data portability, and objection. Please contact us to exercise these rights.<\/p><p>If you believe that the processing of your data violates data protection law or that your data protection rights have otherwise been infringed, you can lodge a complaint with the supervisory authority.<\/p><p>In Austria, the <a href=\"https:\/\/dsb.gv.at\/\" target=\"_blank\" rel=\"noopener\">Data Protection Authority<\/a> responsible.<\/p>\t\t\t\t\t\t\t\t<\/div>\n\t\t\t\t<\/div>\n\t\t\t\t\t<\/div>\n\t\t<\/div>\n\t\t\t\t\t<\/div>\n\t\t<\/section>\n\t\t\t\t<\/div>","protected":false},"excerpt":{"rendered":"<p>Einverst\u00e4ndniserkl\u00e4rung zur Datenverarbeitung laut DSGVO Die von Ihnen bereit gestellten Daten sind zur Vertragserf\u00fcllung bzw. zur Durchf\u00fchrung vorvertraglicher Ma\u00dfnahmen erforderlich. Ohne diese Daten k\u00f6nnen wir den Vertrag mit Ihnen nicht abschlie\u00dfen.Wir verarbeiten Daten \u00fcber Sie aufgrund unserer berechtigten Interessen.Wir speichern Ihre Daten bis auf Wiederruf um Sie jederzeit \u00fcber Neuheiten informieren zu\u00a0 k\u00f6nnen. Ihre Daten &#8230;<\/p>","protected":false},"author":1,"featured_media":0,"parent":0,"menu_order":0,"comment_status":"closed","ping_status":"closed","template":"","meta":{"_rtcl_gb_attr":"","footnotes":""},"class_list":["post-4172","page","type-page","status-publish","hentry"],"aioseo_notices":[],"_links":{"self":[{"href":"https:\/\/cncmarkt.at\/en\/wp-json\/wp\/v2\/pages\/4172","targetHints":{"allow":["GET"]}}],"collection":[{"href":"https:\/\/cncmarkt.at\/en\/wp-json\/wp\/v2\/pages"}],"about":[{"href":"https:\/\/cncmarkt.at\/en\/wp-json\/wp\/v2\/types\/page"}],"author":[{"embeddable":true,"href":"https:\/\/cncmarkt.at\/en\/wp-json\/wp\/v2\/users\/1"}],"replies":[{"embeddable":true,"href":"https:\/\/cncmarkt.at\/en\/wp-json\/wp\/v2\/comments?post=4172"}],"version-history":[{"count":8,"href":"https:\/\/cncmarkt.at\/en\/wp-json\/wp\/v2\/pages\/4172\/revisions"}],"predecessor-version":[{"id":4182,"href":"https:\/\/cncmarkt.at\/en\/wp-json\/wp\/v2\/pages\/4172\/revisions\/4182"}],"wp:attachment":[{"href":"https:\/\/cncmarkt.at\/en\/wp-json\/wp\/v2\/media?parent=4172"}],"curies":[{"name":"wp","href":"https:\/\/api.w.org\/{rel}","templated":true}]}}