{"id":4159,"date":"2025-08-26T09:28:44","date_gmt":"2025-08-26T07:28:44","guid":{"rendered":"https:\/\/cncmarkt.at\/?page_id=4159"},"modified":"2025-08-26T09:34:50","modified_gmt":"2025-08-26T07:34:50","slug":"impressum","status":"publish","type":"page","link":"https:\/\/cncmarkt.at\/en\/impressum\/","title":{"rendered":"imprint"},"content":{"rendered":"<div data-elementor-type=\"wp-page\" data-elementor-id=\"4159\" class=\"elementor elementor-4159\">\n\t\t\t\t\t\t<section class=\"elementor-section elementor-top-section elementor-element elementor-element-474eae1 elementor-section-boxed elementor-section-height-default elementor-section-height-default rt-parallax-bg-no\" data-id=\"474eae1\" data-element_type=\"section\" data-e-type=\"section\">\n\t\t\t\t\t\t<div class=\"elementor-container elementor-column-gap-default\">\n\t\t\t\t\t<div class=\"elementor-column elementor-col-100 elementor-top-column elementor-element elementor-element-a8cae19\" data-id=\"a8cae19\" data-element_type=\"column\" data-e-type=\"column\">\n\t\t\t<div class=\"elementor-widget-wrap elementor-element-populated\">\n\t\t\t\t\t\t<div class=\"elementor-element elementor-element-54ac4bb elementor-widget elementor-widget-text-editor\" data-id=\"54ac4bb\" data-element_type=\"widget\" data-e-type=\"widget\" data-widget_type=\"text-editor.default\">\n\t\t\t\t<div class=\"elementor-widget-container\">\n\t\t\t\t\t\t\t\t\t<p>Information in accordance with \u00a7 5 ECG, \u00a7 14 UGB and \u00a7 24 MedienG<\/p>\n<p><strong>Company:<\/strong><br>TMZ GmbH<\/p>\n<p><strong>Registered office\/address:<\/strong><br>D\u00f6llach 51, 8624 Aflenz, Austria<\/p>\n<p><strong>Company registration number:<\/strong><br>FN 412974s<\/p>\n<p><strong>Commercial Register Court:<\/strong><br>Leoben Regional Court<\/p>\n<p><strong>VAT ID No.:<\/strong><br>ATU 68551523<\/p>\n<p><strong>Authorized representative (management):<\/strong><br>Rudolf Fluch<\/p>\n<p><strong>Contact:<\/strong><br>Telephone: +43 676 7907012<br>E-mail: <a href=\"mailto:office@tmz.co.at\">office@tmz.co.at<\/a><\/p>\n<p><\/p>\n<p><strong>Media owner and publisher:<\/strong><br>TMZ GmbH, D\u00f6llach 51, 8624 Aflenz<\/p>\n<p><strong>Basic direction of the website (editorial policy):<\/strong><br>The purpose of this website is the neutral publication of advertisements for used machinery and to facilitate direct contact between sellers and buyers. The platform does not post its own offers, does not sell itself, and does not process payments for offered machinery and accessories. Purchase agreements are concluded exclusively and directly between the seller and the buyer.<\/p>\n<p><strong>Liability for content and links:<\/strong><br>All content has been carefully compiled; however, no guarantee is given for its accuracy, completeness, or timeliness. Despite careful review, we assume no liability for external links. The operators of the linked websites are solely responsible for their content.<\/p>\n<p><strong>Copyright:<\/strong><br>All content (texts, images, graphics) on this website is protected by copyright. Any further use requires prior written consent.<\/p>\n<p><strong>Data protection:<\/strong><br>Information on how we handle personal data can be found in our <a href=\"https:\/\/cncmarkt.at\/datenschutz\/\">Privacy Policy<\/a>.<\/p>\n<p>This legal notice also applies to any existing social media profiles of TMZ GmbH.<\/p>\t\t\t\t\t\t\t\t<\/div>\n\t\t\t\t<\/div>\n\t\t\t\t\t<\/div>\n\t\t<\/div>\n\t\t\t\t\t<\/div>\n\t\t<\/section>\n\t\t\t\t<\/div>","protected":false},"excerpt":{"rendered":"<p>Angaben gem\u00e4\u00df \u00a7 5 ECG, \u00a7 14 UGB und \u00a7 24 MedienG Unternehmen:TMZ GmbH Sitz\/Anschrift:D\u00f6llach 51, 8624 Aflenz, \u00d6sterreich Firmenbuchnummer:FN 412974s Firmenbuchgericht:Landesgericht Leoben UID-Nr.:ATU 68551523 Vertretungsbefugte Person (Gesch\u00e4ftsf\u00fchrung):Rudolf Fluch Kontakt:Telefon: +43 676 7907012E-Mail: office@tmz.co.at Medieninhaber und Herausgeber:TMZ GmbH, D\u00f6llach 51, 8624 Aflenz Grundlegende Richtung der Website (Blattlinie):Zweck der Website ist die neutrale Ver\u00f6ffentlichung von Inseraten &#8230;<\/p>","protected":false},"author":1,"featured_media":0,"parent":0,"menu_order":0,"comment_status":"closed","ping_status":"closed","template":"","meta":{"_rtcl_gb_attr":"","footnotes":""},"class_list":["post-4159","page","type-page","status-publish","hentry"],"aioseo_notices":[],"_links":{"self":[{"href":"https:\/\/cncmarkt.at\/en\/wp-json\/wp\/v2\/pages\/4159","targetHints":{"allow":["GET"]}}],"collection":[{"href":"https:\/\/cncmarkt.at\/en\/wp-json\/wp\/v2\/pages"}],"about":[{"href":"https:\/\/cncmarkt.at\/en\/wp-json\/wp\/v2\/types\/page"}],"author":[{"embeddable":true,"href":"https:\/\/cncmarkt.at\/en\/wp-json\/wp\/v2\/users\/1"}],"replies":[{"embeddable":true,"href":"https:\/\/cncmarkt.at\/en\/wp-json\/wp\/v2\/comments?post=4159"}],"version-history":[{"count":10,"href":"https:\/\/cncmarkt.at\/en\/wp-json\/wp\/v2\/pages\/4159\/revisions"}],"predecessor-version":[{"id":4170,"href":"https:\/\/cncmarkt.at\/en\/wp-json\/wp\/v2\/pages\/4159\/revisions\/4170"}],"wp:attachment":[{"href":"https:\/\/cncmarkt.at\/en\/wp-json\/wp\/v2\/media?parent=4159"}],"curies":[{"name":"wp","href":"https:\/\/api.w.org\/{rel}","templated":true}]}}